{"id":379,"date":"2018-11-19T19:27:59","date_gmt":"2018-11-19T18:27:59","guid":{"rendered":"https:\/\/www.hdefrance.com\/?page_id=379"},"modified":"2018-11-25T15:42:25","modified_gmt":"2018-11-25T14:42:25","slug":"accueil","status":"publish","type":"page","link":"https:\/\/www.hdefrance.com\/en\/","title":{"rendered":"Home"},"content":{"rendered":"<div class=\"wpb-content-wrapper\"><p>[vc_row full_width=&#8221;stretch_row_content_no_spaces&#8221; no_bottom_margin=&#8221;yes&#8221; css=&#8221;.vc_custom_1485587287329{margin-bottom: 0px !important;border-bottom-width: 0px !important;}&#8221;][vc_column][layerslider_vc id=&#8221;1&#8243;][\/vc_column][\/vc_row][vc_row][vc_column width=&#8221;1\/4&#8243;][vc_column_text]<\/p>\n<p style=\"text-align: left;\"><strong>Booking on line of a room at the Hotel de France<\/strong><\/p>\n<p>[\/vc_column_text][\/vc_column][vc_column width=&#8221;3\/4&#8243;][vc_column_text]<\/p>\n<p style=\"text-align: center;\"><div class=\"wp_novaresa\" id=\"wp_novaresa_shortcode\" >\n    \n    <form id=\"wp_novaresa_searchform\" method=\"get\" action=\"https:\/\/www.hdefrance.com\/en\/booking-at-the-hotel-de-france-castelnaudary\/\" role=\"form\" class=\"form-inline\">\n\t\t\n\t\t\t<div class=\"row\">\n\t\t\t\t<div class='form-group col-md-3 col-xs-6'>\n\t\t\t\t\t<label class=\"sr-only\" for=\"wp_novaresa_shortcode_date_from\">Arrival date<\/label>\n\t\t\t\t\t<input type=\"text\" class=\"form-control input-sm\" id=\"wp_novaresa_shortcode_date_from\" name=\"date_from\" value=\"\" autocomplete=\"off\" placeholder=\"Arrival date\" >\n\t\t\t\t<\/div>\n\t\t\t\t<div class='form-group col-md-3 col-xs-6'>\n\t\t\t\t\t<label class=\"sr-only\" for=\"wp_novaresa_shortcode_date_to\">Departure date<\/label>\n\t\t\t\t\t<input type=\"text\" class=\"form-control input-sm\" id=\"wp_novaresa_shortcode_date_to\" name=\"date_to\" value=\"\" autocomplete=\"off\" placeholder=\"Departure date\" >\n\t\t\t\t<\/div>\n\t\t\t\t\n\t\t\t\t<div class=\"form-group col-md-2 col-xs-6 hidden-xs hidden-sm\">\n\t\t\t\t\t<label class=\"sr-only\" for=\"wp_novaresa_widget_nb_pers\">Nb people<\/label>\n\t\t\t\t\t<input type=\"text\" class=\"form-control input-sm\" id=\"wp_novaresa_widget_nb_pers\" name=\"nb_pers\" value=\"\" placeholder=\"Nb people\" >\n\t\t\t\t<\/div>\n\t\t\t\t\n\t\t\t\t<div class=\"col-md-4 col-xs-12\">\n\t\t\t\t\t<button type=\"submit\" class=\"btn btn-sm\" name=\"wp_novaresa_search\" value=\"1\">Book<\/button>\n\t\t\t\t<\/div>\n\t\t\t<\/div>\t\t\n\t\t\n\t\t\n\n\t\t\n\t<\/form>\n    \n<\/div>\n<p>[\/vc_column_text][\/vc_column][\/vc_row][vc_row][vc_column][vc_separator color=&#8221;black&#8221; style=&#8221;shadow&#8221;][\/vc_column][\/vc_row][vc_row css=&#8221;.vc_custom_1485587592691{padding-top: 40px !important;}&#8221;][vc_column][vc_column_text]<\/p>\n<h2 style=\"text-align: center;\"><strong>The Hotel de France welcomes you in the heart of the Lauragais in its gourmet area<\/strong>\u00a0:<\/h2>\n<p>[\/vc_column_text][\/vc_column][\/vc_row][vc_row][vc_column][lab_portfolio_items category_filter=&#8221;no&#8221; columns=&#8221;3&#8243; portfolio_query=&#8221;size:3|order_by:title|order:DESC|post_type:,portfolio|by_id:27,25,183&#8243;][\/vc_column][\/vc_row][vc_row][vc_column width=&#8221;2\/3&#8243;][vc_column_text]<\/p>\n<p>Located between Toulouse and Carcassonne, at the gateway of the Cathare country and the heart of the Lauragais Country, the Hotel de France welcomes you to Castelnaudary.<\/p>\n<p>Ideally located, the Hotel de France offers you a gourmet break in the world capital of cassoulet.<\/p>\n<p>The Hotel de France is more than 100 years old. The restaurant has been serving terrine of cassoulet since the very beginning of the last century. Lots of celebrities have frequented it, as mentioned in the golden book that dates from 1930&#8217;s<\/p>\n<p>[\/vc_column_text][\/vc_column][vc_column width=&#8221;1\/3&#8243;][vc_single_image image=&#8221;47&#8243; img_size=&#8221;full&#8221; alignment=&#8221;right&#8221; css_animation=&#8221;bounceInRight&#8221;][\/vc_column][\/vc_row][vc_row full_width=&#8221;stretch_row&#8221; equal_height=&#8221;yes&#8221; parallax=&#8221;content-moving&#8221; parallax_image=&#8221;42&#8243; parallax_speed_bg=&#8221;2&#8243;][vc_column][vc_column_text css=&#8221;.vc_custom_1485764030723{padding-top: 150px !important;padding-bottom: 150px !important;}&#8221;]<\/p>\n<h2><span style=\"color: #ffffff;\"><strong>L\u2019h\u00f4tel de France restaurant\u00a0<\/strong>vous propose son\u00a0<strong>cassoulet de Castelnaudary<\/strong>\u00a0au confit d&#8217;oie fait Maison mais aussi nos sp\u00e9cialit\u00e9s \u00e0 base de magret de canard et autres foies gras de canard.<\/span><\/h2>\n<p>[\/vc_column_text][\/vc_column][\/vc_row][vc_row css=&#8221;.vc_custom_1485766324646{margin-top: 100px !important;margin-bottom: 100px !important;}&#8221;][vc_column width=&#8221;1\/2&#8243;][vc_single_image image=&#8221;72&#8243; img_size=&#8221;full&#8221;][\/vc_column][vc_column width=&#8221;1\/2&#8243;][vc_column_text css_animation=&#8221;appear&#8221;]<\/p>\n<h1><a href=\"http:\/\/www.cassoulet.com\">cassoulet.com<\/a><\/h1>\n<h3>HOME MADE CASTELNAUDARY CASSOULET SINCE 1930<\/h3>\n<ul>\n<li>Cassoulet in terrine or can<\/li>\n<li>Goose foie gras<\/li>\n<li>Home made cooked dishes<\/li>\n<\/ul>\n<p>[\/vc_column_text][vc_single_image image=&#8221;81&#8243; img_size=&#8221;full&#8221; alignment=&#8221;center&#8221; onclick=&#8221;custom_link&#8221; link=&#8221;http:\/\/www.cassoulet.com&#8221;][\/vc_column][\/vc_row][vc_row full_width=&#8221;stretch_row_content&#8221; no_bottom_margin=&#8221;yes&#8221; css=&#8221;.vc_custom_1485766275334{margin-top: 0px !important;margin-bottom: 0px !important;border-top-width: 0px !important;border-bottom-width: 0px !important;padding-top: 0px !important;padding-bottom: 0px !important;}&#8221;][vc_column css=&#8221;.vc_custom_1485763862342{margin-top: 0px !important;margin-bottom: 0px !important;border-top-width: 0px !important;border-bottom-width: 0px !important;padding-top: 0px !important;padding-bottom: 0px !important;}&#8221;][lab_google_map zoom=&#8221;9&#8243; css=&#8221;.vc_custom_1485763922530{margin-top: 0px !important;margin-bottom: 0px !important;border-top-width: 0px !important;border-bottom-width: 0px !important;padding-top: 0px !important;padding-bottom: 0px !important;}&#8221;][lab_google_map_location marker_image=&#8221;61&#8243; latitude=&#8221;43.320933&#8243; longitude=&#8221;1.953862&#8243; marker_title=&#8221;H\u00f4tel de France&#8221; marker_description=&#8221;2 ave Fr\u00e9d\u00e9ric Mistral<br \/>\n11400 Castelnaudary<br \/>\nFrance&#8221;][\/lab_google_map][\/vc_column][\/vc_row]<\/p>\n<\/div>","protected":false},"excerpt":{"rendered":"<p>[vc_row full_width=&#8221;stretch_row_content_no_spaces&#8221; no_bottom_margin=&#8221;yes&#8221; css=&#8221;.vc_custom_1485587287329{margin-bottom: 0px !important;border-bottom-width: 0px !important;}&#8221;][vc_column][layerslider_vc id=&#8221;1&#8243;][\/vc_column][\/vc_row][vc_row][vc_column width=&#8221;1\/4&#8243;][vc_column_text] Booking on line of a room at the Hotel de France [\/vc_column_text][\/vc_column][vc_column width=&#8221;3\/4&#8243;][vc_column_text] [\/vc_column_text][\/vc_column][\/vc_row][vc_row][vc_column][vc_separator color=&#8221;black&#8221; style=&#8221;shadow&#8221;][\/vc_column][\/vc_row][vc_row css=&#8221;.vc_custom_1485587592691{padding-top: 40px !important;}&#8221;][vc_column][vc_column_text] The Hotel de France welcomes you in the heart of the Lauragais in its gourmet area\u00a0: [\/vc_column_text][\/vc_column][\/vc_row][vc_row][vc_column][lab_portfolio_items category_filter=&#8221;no&#8221; columns=&#8221;3&#8243; portfolio_query=&#8221;size:3|order_by:title|order:DESC|post_type:,portfolio|by_id:27,25,183&#8243;][\/vc_column][\/vc_row][vc_row][vc_column width=&#8221;2\/3&#8243;][vc_column_text] Located between Toulouse and Carcassonne,&hellip;<\/p>\n","protected":false},"author":1,"featured_media":0,"parent":0,"menu_order":0,"comment_status":"closed","ping_status":"open","template":"","meta":{"_acf_changed":false,"footnotes":""},"class_list":["post-379","page","type-page","status-publish","hentry"],"acf":[],"yoast_head":"<!-- This site is optimized with the Yoast SEO plugin v26.4 - https:\/\/yoast.com\/wordpress\/plugins\/seo\/ -->\n<title>Hotel de France Restaurant Cassoulet castelnaudary Aude<\/title>\n<meta name=\"description\" content=\"Hotel de France Restaurant Cassoulet \u00e0 Castelnaudary Aude Languedoc Roussillon\" \/>\n<meta name=\"robots\" content=\"index, follow, max-snippet:-1, max-image-preview:large, max-video-preview:-1\" \/>\n<link rel=\"canonical\" href=\"https:\/\/www.hdefrance.com\/en\/\" \/>\n<meta property=\"og:locale\" content=\"en_US\" \/>\n<meta property=\"og:type\" content=\"article\" \/>\n<meta property=\"og:title\" content=\"Hotel de France Restaurant Cassoulet castelnaudary Aude\" \/>\n<meta property=\"og:description\" content=\"Hotel de France Restaurant Cassoulet \u00e0 Castelnaudary Aude Languedoc Roussillon\" \/>\n<meta property=\"og:url\" content=\"https:\/\/www.hdefrance.com\/en\/\" \/>\n<meta property=\"og:site_name\" content=\"H\u00f4tel de France\" \/>\n<meta property=\"article:modified_time\" content=\"2018-11-25T14:42:25+00:00\" \/>\n<meta name=\"twitter:card\" content=\"summary_large_image\" \/>\n<meta name=\"twitter:label1\" content=\"Est. reading time\" \/>\n\t<meta name=\"twitter:data1\" content=\"3 minutes\" \/>\n<script type=\"application\/ld+json\" class=\"yoast-schema-graph\">{\"@context\":\"https:\/\/schema.org\",\"@graph\":[{\"@type\":\"WebPage\",\"@id\":\"https:\/\/www.hdefrance.com\/en\/\",\"url\":\"https:\/\/www.hdefrance.com\/en\/\",\"name\":\"Hotel de France Restaurant Cassoulet castelnaudary Aude\",\"isPartOf\":{\"@id\":\"https:\/\/www.hdefrance.com\/#website\"},\"datePublished\":\"2018-11-19T18:27:59+00:00\",\"dateModified\":\"2018-11-25T14:42:25+00:00\",\"description\":\"Hotel de France Restaurant Cassoulet \u00e0 Castelnaudary Aude Languedoc Roussillon\",\"breadcrumb\":{\"@id\":\"https:\/\/www.hdefrance.com\/en\/#breadcrumb\"},\"inLanguage\":\"en-US\",\"potentialAction\":[{\"@type\":\"ReadAction\",\"target\":[\"https:\/\/www.hdefrance.com\/en\/\"]}]},{\"@type\":\"BreadcrumbList\",\"@id\":\"https:\/\/www.hdefrance.com\/en\/#breadcrumb\",\"itemListElement\":[{\"@type\":\"ListItem\",\"position\":1,\"name\":\"Accueil\",\"item\":\"https:\/\/www.hdefrance.com\/en\/\"},{\"@type\":\"ListItem\",\"position\":2,\"name\":\"Home\"}]},{\"@type\":\"WebSite\",\"@id\":\"https:\/\/www.hdefrance.com\/#website\",\"url\":\"https:\/\/www.hdefrance.com\/\",\"name\":\"H\u00f4tel de France\",\"description\":\"H\u00f4tel Restaurant \u00e0 Castelnaudary\",\"potentialAction\":[{\"@type\":\"SearchAction\",\"target\":{\"@type\":\"EntryPoint\",\"urlTemplate\":\"https:\/\/www.hdefrance.com\/?s={search_term_string}\"},\"query-input\":{\"@type\":\"PropertyValueSpecification\",\"valueRequired\":true,\"valueName\":\"search_term_string\"}}],\"inLanguage\":\"en-US\"}]}<\/script>\n<!-- \/ Yoast SEO plugin. -->","yoast_head_json":{"title":"Hotel de France Restaurant Cassoulet castelnaudary Aude","description":"Hotel de France Restaurant Cassoulet \u00e0 Castelnaudary Aude Languedoc Roussillon","robots":{"index":"index","follow":"follow","max-snippet":"max-snippet:-1","max-image-preview":"max-image-preview:large","max-video-preview":"max-video-preview:-1"},"canonical":"https:\/\/www.hdefrance.com\/en\/","og_locale":"en_US","og_type":"article","og_title":"Hotel de France Restaurant Cassoulet castelnaudary Aude","og_description":"Hotel de France Restaurant Cassoulet \u00e0 Castelnaudary Aude Languedoc Roussillon","og_url":"https:\/\/www.hdefrance.com\/en\/","og_site_name":"H\u00f4tel de France","article_modified_time":"2018-11-25T14:42:25+00:00","twitter_card":"summary_large_image","twitter_misc":{"Est. reading time":"3 minutes"},"schema":{"@context":"https:\/\/schema.org","@graph":[{"@type":"WebPage","@id":"https:\/\/www.hdefrance.com\/en\/","url":"https:\/\/www.hdefrance.com\/en\/","name":"Hotel de France Restaurant Cassoulet castelnaudary Aude","isPartOf":{"@id":"https:\/\/www.hdefrance.com\/#website"},"datePublished":"2018-11-19T18:27:59+00:00","dateModified":"2018-11-25T14:42:25+00:00","description":"Hotel de France Restaurant Cassoulet \u00e0 Castelnaudary Aude Languedoc Roussillon","breadcrumb":{"@id":"https:\/\/www.hdefrance.com\/en\/#breadcrumb"},"inLanguage":"en-US","potentialAction":[{"@type":"ReadAction","target":["https:\/\/www.hdefrance.com\/en\/"]}]},{"@type":"BreadcrumbList","@id":"https:\/\/www.hdefrance.com\/en\/#breadcrumb","itemListElement":[{"@type":"ListItem","position":1,"name":"Accueil","item":"https:\/\/www.hdefrance.com\/en\/"},{"@type":"ListItem","position":2,"name":"Home"}]},{"@type":"WebSite","@id":"https:\/\/www.hdefrance.com\/#website","url":"https:\/\/www.hdefrance.com\/","name":"H\u00f4tel de France","description":"H\u00f4tel Restaurant \u00e0 Castelnaudary","potentialAction":[{"@type":"SearchAction","target":{"@type":"EntryPoint","urlTemplate":"https:\/\/www.hdefrance.com\/?s={search_term_string}"},"query-input":{"@type":"PropertyValueSpecification","valueRequired":true,"valueName":"search_term_string"}}],"inLanguage":"en-US"}]}},"_links":{"self":[{"href":"https:\/\/www.hdefrance.com\/en\/wp-json\/wp\/v2\/pages\/379","targetHints":{"allow":["GET"]}}],"collection":[{"href":"https:\/\/www.hdefrance.com\/en\/wp-json\/wp\/v2\/pages"}],"about":[{"href":"https:\/\/www.hdefrance.com\/en\/wp-json\/wp\/v2\/types\/page"}],"author":[{"embeddable":true,"href":"https:\/\/www.hdefrance.com\/en\/wp-json\/wp\/v2\/users\/1"}],"replies":[{"embeddable":true,"href":"https:\/\/www.hdefrance.com\/en\/wp-json\/wp\/v2\/comments?post=379"}],"version-history":[{"count":0,"href":"https:\/\/www.hdefrance.com\/en\/wp-json\/wp\/v2\/pages\/379\/revisions"}],"wp:attachment":[{"href":"https:\/\/www.hdefrance.com\/en\/wp-json\/wp\/v2\/media?parent=379"}],"curies":[{"name":"wp","href":"https:\/\/api.w.org\/{rel}","templated":true}]}}